{"id":158,"date":"2015-12-14T15:48:08","date_gmt":"2015-12-14T14:48:08","guid":{"rendered":"http:\/\/www.restaurantcalenric.cat\/fr\/home\/"},"modified":"2025-07-01T13:08:16","modified_gmt":"2025-07-01T11:08:16","slug":"home","status":"publish","type":"page","link":"https:\/\/www.restaurantcalenric.cat\/fr\/","title":{"rendered":"Home"},"content":{"rendered":"<div class=\"restaurant\">\n<div id=\"calenric\" class=\"part1\">\n<div class=\"wrap960\">\n<h3 class=\"frase\">Ca l\u2019Enric d\u00e9bute son activit\u00e9 en 1882 en tant qu\u2019auberge pour les voyageurs occasionnels et petite boutique pour approvisionner les paysans du coin. En 1965, ann\u00e9e marquant l\u2019arriv\u00e9e de Dolors, la femme de Desideri, le restaurant commence \u00e0 servir, suivis de tr\u00e8s pr\u00e8s par les rago\u00fbts et la viande brais\u00e9e du week-end. La veille auberge devient alors un vrai restaurant, Ca l\u2019Enric. Actuellement, les enfants de Desideri et Dolors continuent \u00e0 faire \u00e9voluer cette cuisine traditionnelle tout en puisant dans l\u2019essence des saveurs du terroir.<\/h3>\n<\/div>\n<p><img src=\"http:\/\/www.restaurantcalenric.cat\/wp\/wp-content\/uploads\/2015\/12\/restaurant1.jpg\" \/><\/p>\n<h3>D\u2019AUTREFOIS ET D\u2019AUJOURD\u2019HUI<\/h3>\n<hr \/>\n<p class=\"respnw\">Cette auberge datant de 1882, dot\u00e9e d\u2019un int\u00e9rieur au design<br \/>\ncontemporain, accueillant et calme, offre l\u2019ambiance id\u00e9ale pour d\u00e9guster<br \/>\nl\u2019interpr\u00e9tation contemporaine de la cuisine d\u2019autrefois.<\/p>\n<\/div>\n<div class=\"part2\">\n<div class=\"wrap1200\"><img class=\"anim\" src=\"http:\/\/www.restaurantcalenric.cat\/wp\/wp-content\/uploads\/2015\/12\/restaurant3.jpg\" \/><\/div>\n<h3>UN TERRITOIRE ABRUPT<\/h3>\n<hr \/>\n<p class=\"respnw\">La vall\u00e9e de Bianya est un territoire abrupt peu peupl\u00e9, isol\u00e9 et froid.<br \/>\nCet isolement a favoris\u00e9 la conservation de cet espace naturel<br \/>\n\u00e0 la grande richesse biologique.<\/p>\n<\/div>\n<div class=\"part3\">\n<div class=\"wrap1200\"><div class=\"threecol-one\">\n<img src=\"http:\/\/www.restaurantcalenric.cat\/wp\/wp-content\/uploads\/2015\/12\/restaurant4.jpg\" \/><img src=\"http:\/\/www.restaurantcalenric.cat\/wp\/wp-content\/uploads\/2015\/12\/restaurant5.jpg\" \/><br \/>\n<\/div><div class=\"threecol-two last\">\n<img src=\"http:\/\/www.restaurantcalenric.cat\/wp\/wp-content\/uploads\/2015\/12\/restaurant6.jpg\" \/><br \/>\n<\/div><div class=\"clear\"><\/div><\/div>\n<\/div>\n<div id=\"restaurant\" class=\"part4\">\n<div class=\"wrap1200\"><img class=\"anim\" src=\"http:\/\/www.restaurantcalenric.cat\/wp\/wp-content\/uploads\/2015\/12\/restaurant8.jpg\" alt=\"restaurant3\" \/><\/div>\n<h3>UNE MAISON \u00c0 L\u2019HISTOIRE RICHE<\/h3>\n<hr \/>\n<p class=\"respnw\">Entrer dans Ca l\u2019Enric, c\u2019est p\u00e9n\u00e9trer dans l\u2019ancienne \u00e9picerie,<br \/>\nqui fut \u00e9galement transform\u00e9e en salon de coiffure pour hommes, o\u00f9 Desideri<br \/>\nprofitait des dimanches pour raser les paysans du coin.<\/p>\n<\/div>\n<div class=\"part5\">\n<div class=\"wrap660\">\n<h3>LA CUISINE<\/h3>\n<hr \/>\n<p>Nous offrons une interpr\u00e9tation de la cuisine traditionnelle catalane \u00e9labor\u00e9e \u00e0 base de produits de saison et d\u2019ingr\u00e9dients de son environnement le plus proche, les bois de la vall\u00e9e de Bianya. Nous s\u00e9lectionnons les meilleurs produits et nous r\u00e9cup\u00e9rons les saveurs de la cuisine traditionnelle en leur ajoutant une touche d\u2019avant-garde.<\/p>\n<\/div>\n<\/div>\n<div id=\"menu\" class=\"part6\">\n<div class=\"wrap1200\">\n<div class=\"menu\">\n<h3>DES SOUVENIRS EN \u00c9VOLUTION<\/h3>\n<hr class=\"anim\" \/>\nBloody Mary \u2028<br \/>\r\nOeufs de morue et pan grill\u00e9<br \/>\r\nSobrassada, patate douce et navet<br \/>\r\nBrioche farcie \u00e0 la mayonnaise de fenouil sauvage et au fromage de brebis du Mas Farr\u00f3<br \/>\r\n\u2022<br \/>\r\nSalade de crudit\u00e9s du potager de Mulleres avec saucisse de porc Duroc maison<br \/>\r\nBeurre blanc d'asperges avec huile de seiche et de romarin<br \/>\r\nFromage Mas Farr\u00f3, tomates confites grill\u00e9es au charbon de bois, olives Kalamata et origan<br \/>\r\nHaricots blancs, saucisse de perol<br \/>\r\nFilet de lotte au safran et salicorne nyoquis<br \/>\r\nFilet de porc Duroc, ratatouille<br \/>\r\n\u2022<br \/>\r\nOrange, sauge et citrouille<br \/>\r\nG\u00e2teau au Ratafia<br \/>\r\n<br \/>\r\nVolcan en \u00e9ruption.<br \/>\r\n<br \/>\r\nLe menu peut \u00eatre accompagn\u00e9 d'une progression de vin. 50\u20ac<br \/>\r\nTotal taxes included\n<div class=\"comprar\"><a href=\"https:\/\/www.restaurantcalenric.cat\/fr\/reservations\/\" rel=\"noopener\">R\u00c9SERVER<\/a><\/div>\n<p>* Les produits frais peuvent varier en fonction des saisons.<\/p>\n<div class=\"preu\">132\u20ac<\/div>\n<\/div>\n<div class=\"menu\">\n<h3>\u00c0 LA D\u00c9COUVERTE DE LA VALL\u00c9E<\/h3>\n<hr class=\"anim\" \/>\nTaco de l\u00e9gumes du jardin\u2028<br \/>\r\nFleur de courgette, truite de rivi\u00e8re, fruit de mer\u2028<br \/>\r\nSobrassada, patate douce et navet\u2028<br \/>\r\nAnchois, beurre fum\u00e9<br \/>\r\nDadinho de fromage Farr\u00f3<br \/>\r\n\u2028Lardon de porc, wasabi de montagne<br \/>\r\nOreille de porc, caviar <br \/>\r\nHort Sour\u2028<br \/>\r\n\u2022<br \/>\r\nSteak tartare <br \/>\r\nTomate et bonite<br \/>\r\nSeiche, haricots blancs, past\u00e8que navet<br \/>\r\nChampignons avec pilpil, textures d\u2019oeufs <br \/>\r\nLotte, mille-feuille de courgettes, lavande <br \/>\r\nHaricot vert, curry vert, joue de poisson<br \/>\r\nPoulet avec langoustine<br \/>\r\nAgneau, c\u00e9leri<br \/>\r\nCanard, olives, graine de tournesol, ma\u00efs<br \/>\r\n\u2022<br \/>\r\nFraises \u00e0 la cr\u00e8me<br \/>\r\nC\u2019est la poire <br \/>\r\nG\u00e2teau Sara<br \/>\r\n<br \/>\r\n<br \/>\r\nVolcan en \u00e9ruption.<br \/>\r\n<br \/>\r\nLe menu peut \u00eatre accompagn\u00e9 d'une progression de vin. 66\u20ac<br \/>\r\nTotal taxes included\n<div class=\"comprar\"><a href=\"https:\/\/www.restaurantcalenric.cat\/fr\/reservations\/\" rel=\"noopener\">R\u00c9SERVER<\/a><\/div>\n<p>* Les produits frais peuvent varier en fonction des saisons.<\/p>\n<div class=\"preu\">175\u20ac<\/div>\n<\/div>\n<div class=\"woo-sc-divider flat\"><\/div>\n<\/div>\n<\/div>\n<div class=\"part7\">\n<div class=\"wrap1200\">\n<div class=\"lacarta\">\n<h3>LA CARTE<\/h3>\n<div class=\"carta\">\n<div class=\"fourcol-one\">\n<h3>ENTR\u00c9ES<\/h3>\n<p><div class=\"woo-sc-divider\"><\/div><p><b>For\u00eat basse de la Vall\u00e9e de Bianya<\/b><\/p>\n<p>Steak tartare de filet de boeuf vieux de 40 jous de maturation<\/p>\n<p>42,00 \u20ac<br \/>\n\u2014<\/p>\n<p><strong>Raviolis aux citrouille<\/strong><\/p>\n<p>farcis a la cr\u00e8me fraiche d&rsquo;anchois, anchois.<\/p>\n<p>36,00 \u20ac<br \/>\n\u2014<\/p>\n<p><strong>Salade de tomates<\/strong><\/p>\n<p>Tomate, salmorejo vert d\u2019haricots verts, granit\u00e9 de gazpacho, burrata<\/p>\n<p>38,00 \u20ac<br \/>\n\u2014<\/p>\n<p><b>Courgette du jardin<\/b><\/p>\n<p>Courgette \u00e9minc\u00e9e, tripes de morue, anguille fum\u00e9e et \u00e9mulsion de curry vert<\/p>\n<p>38,00 \u20ac<\/p>\n<\/div><div class=\"fourcol-one\">\n<h3>POISSONS<\/h3>\n<p><div class=\"woo-sc-divider\"><\/div><p><strong>Rouget<\/strong><\/p>\n<p>Rouget avec son fumet, salicorne, safran nyoquis<\/p>\n<p>42.00 \u20ac<\/p>\n<\/div><div class=\"fourcol-one\">\n<h3>VIANDES<\/h3>\n<p><div class=\"woo-sc-divider\"><\/div><p><b>Agneau du lait<br \/>\n<\/b><\/p>\n<p>Tsukune (boulette de viande), agneau du lait avec trompette de la mort et aligot<\/p>\n<p>45,00 \u20ac<br \/>\n\u2014<\/p>\n<p><b>Steak de surlonge Wellington<\/b><\/p>\n<p>42,00 \u20ac<\/p>\n<\/div><div class=\"fourcol-one last\">\n<h3>DESSERT<\/h3>\n<p><div class=\"woo-sc-divider\"><\/div><p><b>Abricot, vanille et citron vert<br \/>\n<\/b>G\u00e2teau \u00e0 l\u2019abricot, abricot osmotis\u00e9 et vin Viura semi-doux de la Rioja, cr\u00e8me \u00e0 l\u2019abricot et \u00e0 la vanille, glace \u00e0 la vanille, caviar au citron vert<\/p>\n<p>15,00\u20ac<br \/>\n\u2014<\/p>\n<p><b>Le figuier<br \/>\n<\/b>Caramel \u00e0 la feuille de figue, glace et mousse au fromage blanc et au lait de brebis, figues, granit\u00e9 de feuilles de figuier<\/p>\n<p>15,00\u20ac<br \/>\n\u2014<\/p>\n<p><b>G\u00e2teau au ratafia<br \/>\n<\/b>G\u00e9noise \u00e0 la patata douce et au ratafia, glace au jaune d\u2019oeuf et au ratafia, cr\u00e8me, cr\u00e8me de patata douce, noix caram\u00e9lis\u00e9es et r\u00e9duction de ratafia<\/p>\n<p>15,00\u20ac<br \/>\n\u2014<\/p>\n<p><strong>G\u00e2teau Sara<\/strong><\/p>\n<p>Diff\u00e9rentes textures d&rsquo;amandes grill\u00e9es, glace au beurre grill\u00e9e et meringue au caf\u00e9.<br \/>\n15,00\u20ac<\/p>\n<\/div><div class=\"clear\"><\/div><\/p>\n<\/div>\n<\/div>\n<div class=\"woo-sc-divider flat\"><\/div>\n<\/div>\n<\/div>\n<div class=\"part8\">\n<div class=\"wrap1200\">\n<div class=\"woo-sc-divider\"><\/div>\n<h3>LA CAVE \u00c0 VINS<\/h3>\n<hr \/>\n<p class=\"respnw\">L\u2019ancienne citerne de la maison, sans le savoir, poss\u00e9dait les conditions optimales de<br \/>\ntemp\u00e9rature et d\u2019humidit\u00e9 pour devenir une excellente cave \u00e0 vins. Aujourd\u2019hui,<br \/>\nelle h\u00e9berge une s\u00e9lection des meilleurs vins du pays et internationaux.<\/p>\n<p><img src=\"http:\/\/www.restaurantcalenric.cat\/wp\/wp-content\/uploads\/2015\/12\/restaurant11.jpg\" \/><\/p>\n<\/div>\n<\/div>\n<p>&nbsp;<\/p>\n<div id=\"reserves\" class=\"part9\"><iframe loading=\"lazy\" style=\"border: 0;\" src=\"https:\/\/www.google.com\/maps\/embed?pb=!1m18!1m12!1m3!1d47274.56579262481!2d2.4052175099781032!3d42.221703121118814!2m3!1f0!2f0!3f0!3m2!1i1024!2i768!4f13.1!3m3!1m2!1s0x12a54a97db540a79%3A0x6c4f9f265c531f9a!2sRestaurant%20Ca%20L'Enric!5e0!3m2!1sca!2ses!4v1568107586316!5m2!1sca!2ses\" width=\"100%\" height=\"600\" frameborder=\"0\" allowfullscreen=\"allowfullscreen\"><\/iframe><\/div>\n<\/div>\n","protected":false},"excerpt":{"rendered":"<p>Ca l\u2019Enric d\u00e9bute son activit\u00e9 en 1882 en tant qu\u2019auberge pour les voyageurs occasionnels et petite boutique pour approvisionner les paysans du coin. En 1965, ann\u00e9e marquant l\u2019arriv\u00e9e de Dolors, la femme de Desideri, le restaurant commence \u00e0 servir, suivis de tr\u00e8s pr\u00e8s par les rago\u00fbts et la viande brais\u00e9e du week-end. La veille auberge [&hellip;]<\/p>\n","protected":false},"author":1,"featured_media":0,"parent":0,"menu_order":0,"comment_status":"closed","ping_status":"closed","template":"template-menu.php","meta":[],"acf":[],"_links":{"self":[{"href":"https:\/\/www.restaurantcalenric.cat\/fr\/wp-json\/wp\/v2\/pages\/158"}],"collection":[{"href":"https:\/\/www.restaurantcalenric.cat\/fr\/wp-json\/wp\/v2\/pages"}],"about":[{"href":"https:\/\/www.restaurantcalenric.cat\/fr\/wp-json\/wp\/v2\/types\/page"}],"author":[{"embeddable":true,"href":"https:\/\/www.restaurantcalenric.cat\/fr\/wp-json\/wp\/v2\/users\/1"}],"replies":[{"embeddable":true,"href":"https:\/\/www.restaurantcalenric.cat\/fr\/wp-json\/wp\/v2\/comments?post=158"}],"version-history":[{"count":50,"href":"https:\/\/www.restaurantcalenric.cat\/fr\/wp-json\/wp\/v2\/pages\/158\/revisions"}],"predecessor-version":[{"id":3350,"href":"https:\/\/www.restaurantcalenric.cat\/fr\/wp-json\/wp\/v2\/pages\/158\/revisions\/3350"}],"wp:attachment":[{"href":"https:\/\/www.restaurantcalenric.cat\/fr\/wp-json\/wp\/v2\/media?parent=158"}],"curies":[{"name":"wp","href":"https:\/\/api.w.org\/{rel}","templated":true}]}}