{"id":1934,"date":"2021-12-13T08:54:19","date_gmt":"2021-12-13T07:54:19","guid":{"rendered":"https:\/\/www.restaurantcalenric.cat\/producte\/nit-a-la-garrotxa-hostal-de-sant-salvador-de-bianya\/"},"modified":"2022-04-01T12:12:51","modified_gmt":"2022-04-01T10:12:51","slug":"nit-a-la-garrotxa-hostal-de-sant-salvador-de-bianya","status":"publish","type":"product","link":"https:\/\/www.restaurantcalenric.cat\/es\/producto\/nit-a-la-garrotxa-hostal-de-sant-salvador-de-bianya\/","title":{"rendered":"Noche en la Garrotxa &#8211; Hostal de Sant Salvador de Bianya"},"content":{"rendered":"","protected":false},"excerpt":{"rendered":"<p>Estancia en el Hostal de Sant Salvador de Bianya con almuerzo o cena en el Restaurante Ca l&#039;Enric donde pueden escoger entre dos men\u00fas degustaci\u00f3n: Recuerdos en Evoluci\u00f3n o Descubriendo el Valle, con botella de vino incluida, servicio de pan y cubierto, aguas, caf\u00e9s e IVA. Contacto de Sant Salvador: 606 45 88 86 Precio [&hellip;]<\/p>\n","protected":false},"featured_media":1921,"comment_status":"closed","ping_status":"closed","template":"","meta":[],"product_cat":[15],"product_tag":[],"acf":[],"_links":{"self":[{"href":"https:\/\/www.restaurantcalenric.cat\/es\/wp-json\/wp\/v2\/product\/1934"}],"collection":[{"href":"https:\/\/www.restaurantcalenric.cat\/es\/wp-json\/wp\/v2\/product"}],"about":[{"href":"https:\/\/www.restaurantcalenric.cat\/es\/wp-json\/wp\/v2\/types\/product"}],"replies":[{"embeddable":true,"href":"https:\/\/www.restaurantcalenric.cat\/es\/wp-json\/wp\/v2\/comments?post=1934"}],"wp:featuredmedia":[{"embeddable":true,"href":"https:\/\/www.restaurantcalenric.cat\/es\/wp-json\/wp\/v2\/media\/1921"}],"wp:attachment":[{"href":"https:\/\/www.restaurantcalenric.cat\/es\/wp-json\/wp\/v2\/media?parent=1934"}],"wp:term":[{"taxonomy":"product_cat","embeddable":true,"href":"https:\/\/www.restaurantcalenric.cat\/es\/wp-json\/wp\/v2\/product_cat?post=1934"},{"taxonomy":"product_tag","embeddable":true,"href":"https:\/\/www.restaurantcalenric.cat\/es\/wp-json\/wp\/v2\/product_tag?post=1934"}],"curies":[{"name":"wp","href":"https:\/\/api.w.org\/{rel}","templated":true}]}}