{"id":1933,"date":"2021-11-17T09:38:36","date_gmt":"2021-11-17T08:38:36","guid":{"rendered":"https:\/\/www.restaurantcalenric.cat\/producte\/nit-a-la-garrotxa-hotel-mas-la-ferreria\/"},"modified":"2026-04-22T16:43:48","modified_gmt":"2026-04-22T14:43:48","slug":"nit-a-la-garrotxa-hotel-mas-la-ferreria","status":"publish","type":"product","link":"https:\/\/www.restaurantcalenric.cat\/es\/producto\/nit-a-la-garrotxa-hotel-mas-la-ferreria\/","title":{"rendered":"Noche en la Garrotxa &#8211; Hotel Mas la Ferreria"},"content":{"rendered":"","protected":false},"excerpt":{"rendered":"<p>Estancia de una noche en Hotel Mas la Ferreria con desayuno y almuerzo o cena en el Restaurante Ca Enric, men\u00fa Descubriendo el Valle, con botella de vino incluida, servicio de pan y cubierto, aguas, caf\u00e9s e IVA. Precio para 2 personas IVA incluido, no incluye tasa tur\u00edstica. Puede escribir una dedicatoria en la tarjeta [&hellip;]<\/p>\n","protected":false},"featured_media":290,"comment_status":"closed","ping_status":"closed","template":"","meta":{"_acf_changed":false},"product_brand":[],"product_cat":[15],"product_tag":[],"class_list":{"0":"post-1933","1":"product","2":"type-product","3":"status-publish","4":"has-post-thumbnail","6":"product_cat-regalo","8":"first","9":"instock","10":"sold-individually","11":"taxable","12":"shipping-taxable","13":"purchasable","14":"product-type-simple"},"acf":[],"_links":{"self":[{"href":"https:\/\/www.restaurantcalenric.cat\/es\/wp-json\/wp\/v2\/product\/1933","targetHints":{"allow":["GET"]}}],"collection":[{"href":"https:\/\/www.restaurantcalenric.cat\/es\/wp-json\/wp\/v2\/product"}],"about":[{"href":"https:\/\/www.restaurantcalenric.cat\/es\/wp-json\/wp\/v2\/types\/product"}],"replies":[{"embeddable":true,"href":"https:\/\/www.restaurantcalenric.cat\/es\/wp-json\/wp\/v2\/comments?post=1933"}],"wp:featuredmedia":[{"embeddable":true,"href":"https:\/\/www.restaurantcalenric.cat\/es\/wp-json\/wp\/v2\/media\/290"}],"wp:attachment":[{"href":"https:\/\/www.restaurantcalenric.cat\/es\/wp-json\/wp\/v2\/media?parent=1933"}],"wp:term":[{"taxonomy":"product_brand","embeddable":true,"href":"https:\/\/www.restaurantcalenric.cat\/es\/wp-json\/wp\/v2\/product_brand?post=1933"},{"taxonomy":"product_cat","embeddable":true,"href":"https:\/\/www.restaurantcalenric.cat\/es\/wp-json\/wp\/v2\/product_cat?post=1933"},{"taxonomy":"product_tag","embeddable":true,"href":"https:\/\/www.restaurantcalenric.cat\/es\/wp-json\/wp\/v2\/product_tag?post=1933"}],"curies":[{"name":"wp","href":"https:\/\/api.w.org\/{rel}","templated":true}]}}